{"id":1219,"date":"2016-09-20T14:51:19","date_gmt":"2016-09-20T13:51:19","guid":{"rendered":"http:\/\/www.fluidsxperts.com\/en\/?page_id=1219"},"modified":"2017-05-12T19:33:04","modified_gmt":"2017-05-12T18:33:04","slug":"training","status":"publish","type":"page","link":"http:\/\/www.fluidsxperts.com\/en\/training\/","title":{"rendered":"Training"},"content":{"rendered":"<div class=\"fusion-fullwidth fullwidth-box fusion-fullwidth-1  fusion-parallax-none nonhundred-percent-fullwidth\" style=\"border-color:#1e73be;border-bottom-width: 0px;border-top-width: 0px;border-bottom-style: solid;border-top-style: solid;padding-bottom:0px;padding-top:20px;padding-left:0px;padding-right:0px;\"><style type=\"text\/css\" scoped=\"scoped\">.fusion-fullwidth-1 {\n                            padding-left: 0px !important;\n                            padding-right: 0px !important;\n                        }<\/style><div class=\"fusion-row\"><div class=\"fusion-sep-clear\"><\/div><div class=\"fusion-separator fusion-full-width-sep sep-single\" style=\"border-color:#0969bc;border-top-width:3px;margin-left: auto;margin-right: auto;margin-top:;\"><\/div><\/div><\/div><div class=\"fusion-fullwidth fullwidth-box fusion-fullwidth-2  fusion-parallax-none nonhundred-percent-fullwidth fusion-equal-height-columns\" style=\"border-color:#1e73be;border-bottom-width: 0px;border-top-width: 0px;border-bottom-style: solid;border-top-style: solid;padding-bottom:;padding-top:0px;padding-left:;padding-right:;\"><style type=\"text\/css\" scoped=\"scoped\">.fusion-fullwidth-2 {\n                            padding-left:  px !important;\n                            padding-right:  px !important;\n                        }<\/style><div class=\"fusion-row\"><div class=\"fusion-one-half fusion-layout-column fusion-spacing-no\" style=\"margin-top:0px;margin-bottom:20px;\"><div class=\"fusion-column-wrapper fusion-animated\" style=\"background-color:#ffffff;padding:40px;\" data-animationType=\"slideInRight\" data-animationDuration=\"0.5\" data-animationOffset=\"100%\"><div class=\"imageframe-align-center\"><div class=\"imageframe-liftup\"><span class=\"fusion-imageframe imageframe-bottomshadow imageframe-1 element-bottomshadow\"> <img decoding=\"async\" alt=\"\" src=\"\/wp-content\/uploads\/2017\/03\/formation.png\" class=\"img-responsive\"\/><\/span><\/div><\/div><div class=\"fusion-clearfix\"><\/div><\/div><\/div><div class=\"fusion-one-half fusion-layout-column fusion-column-last fusion-spacing-no\" style=\"margin-top:0px;margin-bottom:20px;\"><div class=\"fusion-column-wrapper fusion-animated\" style=\"background-color:#ffffff;padding:20px;\" data-animationType=\"slideInRight\" data-animationDuration=\"0.5\" data-animationOffset=\"100%\"><h1 data-fontsize=\"30\" data-lineheight=\"48\">Training<\/h1>\n<p>Fluids&#8217;Xperts offers training on the following topics :<\/p>\n<ul>\n<li>General metrology<\/li>\n<li>Metrology of liquid<\/li>\n<li>Metrology of gas<\/li>\n<li>Legal metrology<\/li>\n<li>Flow computers Omni Flow Computers (Omni 3000, Omni 6000)<\/li>\n<\/ul>\n<div class=\"wpfilebase-file-default\" onclick=\"if('undefined' == typeof event.target.href) document.getElementById('wpfb-file-link-1').click();\">\r\n  <div class=\"icon\"><a href=\"http:\/\/www.fluidsxperts.com\/en\/download\/Sommaire-Formation-Metrologie-Generales-METCAL.pdf\" target=\"_blank\" title=\"Download Sommaire Formation M\u00e9trologie G\u00e9n\u00e9rales  METCAL\"><img decoding=\"async\" align=\"middle\" src=\"\/wp-content\/images\/pdf.png\" alt=\"Sommaire Formation M\u00e9trologie G\u00e9n\u00e9rales  METCAL\" \/><\/a><\/div>\r\n  <div class=\"filetitle\">\r\n    <a href=\"http:\/\/www.fluidsxperts.com\/en\/download\/Sommaire-Formation-Metrologie-Generales-METCAL.pdf\" title=\"Download Sommaire Formation M\u00e9trologie G\u00e9n\u00e9rales  METCAL\" target=\"_blank\" id=\"wpfb-file-link-1\">Sommaire Formation M\u00e9trologie G\u00e9n\u00e9rales  METCAL<\/a>\r\n    \r\n    <br \/>\r\n    Sommaire-Formation-Metrologie-Generales-METCAL.pdf<br \/>\r\n    \r\n  <\/div>\r\n  <div class=\"info\">\r\n    167.2 KiB<br \/>\r\n    1315 Downloads<br \/>\r\n    <a href=\"#\" onclick=\"return wpfilebase_filedetails(1);\">Details<\/a>\r\n  <\/div>\r\n  <div class=\"details\" id=\"wpfilebase-filedetails1\" style=\"display: none;\">\r\n  \r\n  <table border=\"0\">\r\n   \r\n   \r\n   <tr><td><strong>Platforms:<\/strong><\/td><td>Windows 8<\/td><\/tr>\r\n   <tr><td><strong>Requirements:<\/strong><\/td><td><a href=\"https:\/\/www.foxitsoftware.com\/products\/pdf-reader\/\" target=\"_blank\">PDF Reader<\/a><\/td><\/tr>\r\n   \r\n   \r\n   <tr><td><strong>Date:<\/strong><\/td><td>04032017<\/td><\/tr>\r\n  <\/table>\r\n  <\/div>\r\n <div style=\"clear: both;\"><\/div>\r\n<\/div>\n<div class=\"fusion-clearfix\"><\/div><\/div><\/div><div class=\"fusion-clearfix\"><\/div><\/div><\/div>\n","protected":false},"excerpt":{"rendered":"","protected":false},"author":1,"featured_media":0,"parent":0,"menu_order":0,"comment_status":"closed","ping_status":"closed","template":"","meta":{"footnotes":""},"_links":{"self":[{"href":"http:\/\/www.fluidsxperts.com\/en\/wp-json\/wp\/v2\/pages\/1219"}],"collection":[{"href":"http:\/\/www.fluidsxperts.com\/en\/wp-json\/wp\/v2\/pages"}],"about":[{"href":"http:\/\/www.fluidsxperts.com\/en\/wp-json\/wp\/v2\/types\/page"}],"author":[{"embeddable":true,"href":"http:\/\/www.fluidsxperts.com\/en\/wp-json\/wp\/v2\/users\/1"}],"replies":[{"embeddable":true,"href":"http:\/\/www.fluidsxperts.com\/en\/wp-json\/wp\/v2\/comments?post=1219"}],"version-history":[{"count":0,"href":"http:\/\/www.fluidsxperts.com\/en\/wp-json\/wp\/v2\/pages\/1219\/revisions"}],"wp:attachment":[{"href":"http:\/\/www.fluidsxperts.com\/en\/wp-json\/wp\/v2\/media?parent=1219"}],"curies":[{"name":"wp","href":"https:\/\/api.w.org\/{rel}","templated":true}]}}